{"id":947,"date":"2022-02-06T08:43:20","date_gmt":"2022-02-06T08:43:20","guid":{"rendered":"https:\/\/fotografie-hotz.ch\/fotografie\/?page_id=947"},"modified":"2022-02-06T14:07:09","modified_gmt":"2022-02-06T14:07:09","slug":"agb","status":"publish","type":"page","link":"https:\/\/fotografie-hotz.ch\/fotografie\/startseite\/agb\/","title":{"rendered":"AGB&#8217;s"},"content":{"rendered":"<div id=\"PageDescription-D-5\" class=\"GC19 PageDescription\">\n<div class=\"row clearfix e01 sf-cb\">\n<div class=\"column full\">\n<p style=\"text-align: justify;\"><strong>Allgemeines:<\/strong><br \/>\nDamit die Fotoreisen f\u00fcr alle Teilnehmer ein sch\u00f6nes Erlebnis werden, sind einige Regeln n\u00f6tig.<\/p>\n<p style=\"text-align: justify;\"><strong>Teilnehmerzahl:<\/strong><br \/>\nDie minimale und maximale Anzahl Reiseteilnehmer ist jeweils in der Ausschreibung der Reisen ersichtlich. Sollten sich zu wenig Interessenten anmelden und ich die Reise deswegen absagen muss, werde ich die angemeldeten Teilnehmer sp\u00e4testens 3 Wochen vor Beginn der Reise informieren.<\/p>\n<p style=\"text-align: justify;\"><strong>Anmeldung:<\/strong><br \/>\nSobald ich die gebuchte Reise&nbsp; best\u00e4tige,&nbsp; ist die Anmeldung verbindlich. Nach Eingang der Zahlung gilt die Reise als definitiv gebucht.<\/p>\n<p style=\"text-align: justify;\"><strong>Durchf\u00fchrung der Reisen:<\/strong><br \/>\nFotografie Hotz \u00fcbernimmt keine Haftung f\u00fcr Kosten die durch eine Reise von Dritten entstanden sind. (z.b Hotel, Mietwagen oder Fahrkarten)<br \/>\nSollte eine Reise abgesagt werden m\u00fcssen (Mindestanzahl Teilnehmer, h\u00f6here Gewalt, epidemiologische Lage, usw.) versucht Fotografie Hotz zuerst einen Ersatztermin zu finden.&nbsp;<br \/>\nSollte kein Ersatztermin gefunden werden, wird Fotografie Hotz den einbezahlten Betrag zur\u00fcckerstatten.<\/p>\n<p style=\"text-align: justify;\"><strong>Abmelden f\u00fcr einen Fotokurs oder Workshop:<\/strong><br \/>\nBei von Fotografie Hotz best\u00e4tigten Reisen mit Hotelbuchungen kann sich der Teilnehmer bis 30 Tage vor Reisebeginn schriftlich Fotografie Hotz abmelden. Bei sp\u00e4teren Abmeldungen berechnet Fotografie Hotz&nbsp; bis 20 Tage vor Reisebeginn 50% der Reisekosten, bei sp\u00e4terer Abmeldung 100% der Reisekosten.<\/p>\n<p style=\"text-align: justify;\"><strong>Bezahlung der Reisen:<br \/>\n<\/strong>Die gebuchte Reise muss bis sp\u00e4testens 20 Tage nach der Anmeldung bezahlt werden.<br \/>\nSollte der f\u00e4llige Betrag trotz zweiter Aufforderung nicht einbezahlt worden sein, beh\u00e4lt sich Fotografie Hotz vor den Platz weiterzugeben.<br \/>\nSollte die Anmeldung weniger als 30 Tage vor Beginn der Reise eingehen, muss der f\u00e4llige Betrag sofort einbezahlt werden.&nbsp;<br \/>\nDie Buchung der Reise gilt erst nach Eingang der Zahlung als definitiv.<\/p>\n<p style=\"text-align: justify;\"><strong>Versicherung:<br \/>\n<\/strong>Eine Unfall- und Ger\u00e4teversicherung ist Sache des Reiseteilnehmers. Fotografie Hotz empfiehlt den Abschluss einer Reiser\u00fccktrittversicherung.<\/p>\n<p>Vielen Dank f\u00fcr dein Interesse!<\/p>\n<\/div>\n<\/div>\n<\/div>\n","protected":false},"excerpt":{"rendered":"<p>Allgemeines: Damit die Fotoreisen f\u00fcr alle Teilnehmer ein sch\u00f6nes Erlebnis werden, sind einige Regeln n\u00f6tig. Teilnehmerzahl: Die minimale und maximale Anzahl Reiseteilnehmer ist jeweils in der Ausschreibung der Reisen ersichtlich. Sollten sich zu wenig Interessenten anmelden und ich die Reise deswegen absagen muss, werde ich die angemeldeten Teilnehmer sp\u00e4testens 3 Wochen vor Beginn der Reise &#8230; <a title=\"AGB&#8217;s\" class=\"read-more\" href=\"https:\/\/fotografie-hotz.ch\/fotografie\/startseite\/agb\/\" aria-label=\"Mehr Informationen \u00fcber AGB&#8217;s\">Weiterlesen<\/a><\/p>\n","protected":false},"author":1,"featured_media":0,"parent":47,"menu_order":0,"comment_status":"closed","ping_status":"closed","template":"","meta":{"ngg_post_thumbnail":0,"footnotes":""},"class_list":["post-947","page","type-page","status-publish"],"_links":{"self":[{"href":"https:\/\/fotografie-hotz.ch\/fotografie\/wp-json\/wp\/v2\/pages\/947","targetHints":{"allow":["GET"]}}],"collection":[{"href":"https:\/\/fotografie-hotz.ch\/fotografie\/wp-json\/wp\/v2\/pages"}],"about":[{"href":"https:\/\/fotografie-hotz.ch\/fotografie\/wp-json\/wp\/v2\/types\/page"}],"author":[{"embeddable":true,"href":"https:\/\/fotografie-hotz.ch\/fotografie\/wp-json\/wp\/v2\/users\/1"}],"replies":[{"embeddable":true,"href":"https:\/\/fotografie-hotz.ch\/fotografie\/wp-json\/wp\/v2\/comments?post=947"}],"version-history":[{"count":5,"href":"https:\/\/fotografie-hotz.ch\/fotografie\/wp-json\/wp\/v2\/pages\/947\/revisions"}],"predecessor-version":[{"id":1041,"href":"https:\/\/fotografie-hotz.ch\/fotografie\/wp-json\/wp\/v2\/pages\/947\/revisions\/1041"}],"up":[{"embeddable":true,"href":"https:\/\/fotografie-hotz.ch\/fotografie\/wp-json\/wp\/v2\/pages\/47"}],"wp:attachment":[{"href":"https:\/\/fotografie-hotz.ch\/fotografie\/wp-json\/wp\/v2\/media?parent=947"}],"curies":[{"name":"wp","href":"https:\/\/api.w.org\/{rel}","templated":true}]}}