{"id":903,"date":"2022-02-06T09:17:45","date_gmt":"2022-02-06T09:17:45","guid":{"rendered":"https:\/\/fotografie-hotz.ch\/fotografie\/?page_id=903"},"modified":"2022-05-26T18:34:03","modified_gmt":"2022-05-26T18:34:03","slug":"wissenswertes","status":"publish","type":"page","link":"https:\/\/fotografie-hotz.ch\/fotografie\/fotoreisen\/wissenswertes\/","title":{"rendered":"Wissenswertes"},"content":{"rendered":"\n<h1 class=\"has-white-color has-text-color has-background wp-block-heading\" style=\"background-color:#5e3a8a\">Was du noch wissen solltest<\/h1>\n\n\n\n<div class=\"wp-block-buttons is-layout-flex wp-block-buttons-is-layout-flex\">\n<div class=\"wp-block-button has-custom-font-size has-small-font-size\"><a class=\"wp-block-button__link has-white-color has-text-color has-background no-border-radius\" href=\"https:\/\/fotografie-hotz.ch\/fotografie\/fotoreisen\/welterbe-rhb\" style=\"background-color:#5e3a8a\">Allgemeines<\/a><\/div>\n\n\n\n<div class=\"wp-block-button has-custom-font-size has-small-font-size\"><a class=\"wp-block-button__link has-white-color has-text-color has-background no-border-radius\" href=\"https:\/\/fotografie-hotz.ch\/fotografie\/fotoreisen\/fotopunkte\" style=\"background-color:#5e3a8a\">Fotopunkte<\/a><\/div>\n\n\n\n<div class=\"wp-block-button has-custom-font-size has-small-font-size\"><a class=\"wp-block-button__link has-white-color has-text-color has-background no-border-radius\" href=\"https:\/\/fotografie-hotz.ch\/fotografie\/ich-biete\" style=\"background-color:#5e3a8a\">Ich biete<\/a><\/div>\n\n\n\n<div class=\"wp-block-button has-custom-font-size has-small-font-size\"><a class=\"wp-block-button__link has-white-color has-text-color has-background no-border-radius\" href=\"https:\/\/fotografie-hotz.ch\/fotografie\/du-bringst\" style=\"background-color:#5e3a8a\">Du bringst<\/a><\/div>\n\n\n\n<div class=\"wp-block-button has-custom-font-size has-small-font-size\"><a class=\"wp-block-button__link has-white-color has-text-color has-background no-border-radius\" href=\"https:\/\/fotografie-hotz.ch\/fotografie\/wissenswert\" style=\"background-color:#5e3a8a\">Wissenswert<\/a><\/div>\n\n\n\n<div class=\"wp-block-button has-custom-font-size has-small-font-size\"><a class=\"wp-block-button__link has-white-color has-text-color has-background no-border-radius\" href=\"https:\/\/fotografie-hotz.ch\/fotografie\/anmelden\" style=\"background-color:#5e3a8a\">Anmelden<\/a><\/div>\n<\/div>\n\n\n\n<div style=\"height:20px\" aria-hidden=\"true\" class=\"wp-block-spacer\"><\/div>\n\n\n\n<figure class=\"wp-block-gallery has-nested-images columns-default is-cropped wp-block-gallery-1 is-layout-flex wp-block-gallery-is-layout-flex\">\n<figure class=\"wp-block-image size-large\"><a href=\"https:\/\/fotografie-hotz.ch\/fotografie\/wp-content\/uploads\/2022\/02\/Landwasser-Bildschirm-ab-Dez-20-2.jpg\"><img fetchpriority=\"high\" decoding=\"async\" width=\"1024\" height=\"768\" data-id=\"883\" src=\"https:\/\/fotografie-hotz.ch\/fotografie\/wp-content\/uploads\/2022\/02\/Landwasser-Bildschirm-ab-Dez-20-2-1024x768.jpg\" alt=\"\" class=\"wp-image-883\" srcset=\"https:\/\/fotografie-hotz.ch\/fotografie\/wp-content\/uploads\/2022\/02\/Landwasser-Bildschirm-ab-Dez-20-2-1024x768.jpg 1024w, https:\/\/fotografie-hotz.ch\/fotografie\/wp-content\/uploads\/2022\/02\/Landwasser-Bildschirm-ab-Dez-20-2-300x225.jpg 300w, https:\/\/fotografie-hotz.ch\/fotografie\/wp-content\/uploads\/2022\/02\/Landwasser-Bildschirm-ab-Dez-20-2-768x576.jpg 768w, https:\/\/fotografie-hotz.ch\/fotografie\/wp-content\/uploads\/2022\/02\/Landwasser-Bildschirm-ab-Dez-20-2-1536x1152.jpg 1536w, https:\/\/fotografie-hotz.ch\/fotografie\/wp-content\/uploads\/2022\/02\/Landwasser-Bildschirm-ab-Dez-20-2-1200x900.jpg 1200w, https:\/\/fotografie-hotz.ch\/fotografie\/wp-content\/uploads\/2022\/02\/Landwasser-Bildschirm-ab-Dez-20-2.jpg 1900w\" sizes=\"(max-width: 1024px) 100vw, 1024px\" \/><\/a><\/figure>\n\n\n\n<figure class=\"wp-block-image size-large\"><a href=\"https:\/\/fotografie-hotz.ch\/fotografie\/wp-content\/uploads\/2022\/02\/Station_Stugl-.jpg\"><img decoding=\"async\" width=\"1024\" height=\"683\" data-id=\"885\" src=\"https:\/\/fotografie-hotz.ch\/fotografie\/wp-content\/uploads\/2022\/02\/Station_Stugl--1024x683.jpg\" alt=\"\" class=\"wp-image-885\" srcset=\"https:\/\/fotografie-hotz.ch\/fotografie\/wp-content\/uploads\/2022\/02\/Station_Stugl--1024x683.jpg 1024w, https:\/\/fotografie-hotz.ch\/fotografie\/wp-content\/uploads\/2022\/02\/Station_Stugl--300x200.jpg 300w, https:\/\/fotografie-hotz.ch\/fotografie\/wp-content\/uploads\/2022\/02\/Station_Stugl--768x512.jpg 768w, https:\/\/fotografie-hotz.ch\/fotografie\/wp-content\/uploads\/2022\/02\/Station_Stugl--1536x1024.jpg 1536w, https:\/\/fotografie-hotz.ch\/fotografie\/wp-content\/uploads\/2022\/02\/Station_Stugl--1200x800.jpg 1200w, https:\/\/fotografie-hotz.ch\/fotografie\/wp-content\/uploads\/2022\/02\/Station_Stugl-.jpg 1900w\" sizes=\"(max-width: 1024px) 100vw, 1024px\" \/><\/a><\/figure>\n\n\n\n<figure class=\"wp-block-image size-large\"><a href=\"https:\/\/fotografie-hotz.ch\/fotografie\/wp-content\/uploads\/2022\/02\/RhB-Mistail-5858.jpg\"><img decoding=\"async\" width=\"1024\" height=\"683\" data-id=\"884\" src=\"https:\/\/fotografie-hotz.ch\/fotografie\/wp-content\/uploads\/2022\/02\/RhB-Mistail-5858-1024x683.jpg\" alt=\"\" class=\"wp-image-884\" srcset=\"https:\/\/fotografie-hotz.ch\/fotografie\/wp-content\/uploads\/2022\/02\/RhB-Mistail-5858-1024x683.jpg 1024w, https:\/\/fotografie-hotz.ch\/fotografie\/wp-content\/uploads\/2022\/02\/RhB-Mistail-5858-300x200.jpg 300w, https:\/\/fotografie-hotz.ch\/fotografie\/wp-content\/uploads\/2022\/02\/RhB-Mistail-5858-768x512.jpg 768w, https:\/\/fotografie-hotz.ch\/fotografie\/wp-content\/uploads\/2022\/02\/RhB-Mistail-5858-1536x1024.jpg 1536w, https:\/\/fotografie-hotz.ch\/fotografie\/wp-content\/uploads\/2022\/02\/RhB-Mistail-5858-1200x800.jpg 1200w, https:\/\/fotografie-hotz.ch\/fotografie\/wp-content\/uploads\/2022\/02\/RhB-Mistail-5858.jpg 1900w\" sizes=\"(max-width: 1024px) 100vw, 1024px\" \/><\/a><\/figure>\n<\/figure>\n\n\n\n<div style=\"height:14px\" aria-hidden=\"true\" class=\"wp-block-spacer\"><\/div>\n\n\n\n<ul class=\"wp-block-list\"><li>Die Teilnehmer reisen individuell an und ab<\/li><li>\u00dcbernachtung und Verpflegung ist Sache der Teilnehmer<\/li><li>Treffpunkt ist der Bahnhof Filisur zum abgemachten Zeitpunkt<\/li><li>Die Mindestbuchungsdauer betr\u00e4gt 4 Stunden<\/li><li>Versicherung ist Sache der Teilnehmer, der Veranstalter \u00fcbernimmt keine Haftung f\u00fcr Krankheit, Unfall oder Schaden an der Ausr\u00fcstung<\/li><li>Die Touren finden bei jedem Wetter statt, entsprechende Kleidung ist von Vorteil<\/li><li>Wir gehen keine Risiken ein<\/li><li>Die Gleise der Rh\u00e4tischen Bahn d\u00fcrfen nur mit ausdr\u00fccklicher Erlaubnis des Reiseleiters \u00fcberschritten werden<\/li><li>Die Transportfahrten zwischen den Fotopunkten, Treffpunkt und Hotel finden mit meinem Privatauto statt<\/li><li>Der Abschluss einer Reiser\u00fccktrittversicherung wird empfohlen<\/li><li>Bitte lies die AGB durch, bei der Anmeldung musst du best\u00e4tigen diese gelesen zu haben<\/li><\/ul>\n","protected":false},"excerpt":{"rendered":"<p>Was du noch wissen solltest Die Teilnehmer reisen individuell an und ab \u00dcbernachtung und Verpflegung ist Sache der Teilnehmer Treffpunkt ist der Bahnhof Filisur zum abgemachten Zeitpunkt Die Mindestbuchungsdauer betr\u00e4gt 4 Stunden Versicherung ist Sache der Teilnehmer, der Veranstalter \u00fcbernimmt keine Haftung f\u00fcr Krankheit, Unfall oder Schaden an der Ausr\u00fcstung Die Touren finden bei jedem &#8230; <a title=\"Wissenswertes\" class=\"read-more\" href=\"https:\/\/fotografie-hotz.ch\/fotografie\/fotoreisen\/wissenswertes\/\" aria-label=\"Mehr Informationen \u00fcber Wissenswertes\">Weiterlesen<\/a><\/p>\n","protected":false},"author":1,"featured_media":0,"parent":328,"menu_order":0,"comment_status":"closed","ping_status":"closed","template":"","meta":{"ngg_post_thumbnail":0,"footnotes":""},"class_list":["post-903","page","type-page","status-publish"],"_links":{"self":[{"href":"https:\/\/fotografie-hotz.ch\/fotografie\/wp-json\/wp\/v2\/pages\/903","targetHints":{"allow":["GET"]}}],"collection":[{"href":"https:\/\/fotografie-hotz.ch\/fotografie\/wp-json\/wp\/v2\/pages"}],"about":[{"href":"https:\/\/fotografie-hotz.ch\/fotografie\/wp-json\/wp\/v2\/types\/page"}],"author":[{"embeddable":true,"href":"https:\/\/fotografie-hotz.ch\/fotografie\/wp-json\/wp\/v2\/users\/1"}],"replies":[{"embeddable":true,"href":"https:\/\/fotografie-hotz.ch\/fotografie\/wp-json\/wp\/v2\/comments?post=903"}],"version-history":[{"count":9,"href":"https:\/\/fotografie-hotz.ch\/fotografie\/wp-json\/wp\/v2\/pages\/903\/revisions"}],"predecessor-version":[{"id":1105,"href":"https:\/\/fotografie-hotz.ch\/fotografie\/wp-json\/wp\/v2\/pages\/903\/revisions\/1105"}],"up":[{"embeddable":true,"href":"https:\/\/fotografie-hotz.ch\/fotografie\/wp-json\/wp\/v2\/pages\/328"}],"wp:attachment":[{"href":"https:\/\/fotografie-hotz.ch\/fotografie\/wp-json\/wp\/v2\/media?parent=903"}],"curies":[{"name":"wp","href":"https:\/\/api.w.org\/{rel}","templated":true}]}}