{"id":900,"date":"2022-02-06T09:17:25","date_gmt":"2022-02-06T09:17:25","guid":{"rendered":"https:\/\/fotografie-hotz.ch\/fotografie\/?page_id=900"},"modified":"2022-05-26T15:02:48","modified_gmt":"2022-05-26T15:02:48","slug":"du-bringst","status":"publish","type":"page","link":"https:\/\/fotografie-hotz.ch\/fotografie\/fotoreisen\/du-bringst\/","title":{"rendered":"Du bringst"},"content":{"rendered":"\n<h1 class=\"has-white-color has-text-color has-background wp-block-heading\" style=\"background-color:#5e3a8a\">Was du mitbringen solltest<\/h1>\n\n\n\n<div class=\"wp-block-buttons is-layout-flex wp-block-buttons-is-layout-flex\">\n<div class=\"wp-block-button has-custom-font-size has-small-font-size\"><a class=\"wp-block-button__link has-white-color has-text-color has-background no-border-radius\" href=\"https:\/\/fotografie-hotz.ch\/fotografie\/fotoreisen\/welterbe-rhb\" style=\"background-color:#5e3a8a\">Allgemeines<\/a><\/div>\n\n\n\n<div class=\"wp-block-button has-custom-font-size has-small-font-size\"><a class=\"wp-block-button__link has-white-color has-text-color has-background no-border-radius\" href=\"https:\/\/fotografie-hotz.ch\/fotografie\/fotoreisen\/fotopunkte\" style=\"background-color:#5e3a8a\">Fotopunkte<\/a><\/div>\n\n\n\n<div class=\"wp-block-button has-custom-font-size has-small-font-size\"><a class=\"wp-block-button__link has-white-color has-text-color has-background no-border-radius\" href=\"https:\/\/fotografie-hotz.ch\/fotografie\/ich-biete\" style=\"background-color:#5e3a8a\">Ich biete<\/a><\/div>\n\n\n\n<div class=\"wp-block-button has-custom-font-size has-small-font-size\"><a class=\"wp-block-button__link has-white-color has-text-color has-background no-border-radius\" href=\"https:\/\/fotografie-hotz.ch\/fotografie\/du-bringst\" style=\"background-color:#5e3a8a\">Du bringst<\/a><\/div>\n\n\n\n<div class=\"wp-block-button has-custom-font-size has-small-font-size\"><a class=\"wp-block-button__link has-white-color has-text-color has-background no-border-radius\" href=\"https:\/\/fotografie-hotz.ch\/fotografie\/wissenswert\" style=\"background-color:#5e3a8a\">Wissenswert<\/a><\/div>\n\n\n\n<div class=\"wp-block-button has-custom-font-size has-small-font-size\"><a class=\"wp-block-button__link has-white-color has-text-color has-background no-border-radius\" href=\"https:\/\/fotografie-hotz.ch\/fotografie\/anmelden\" style=\"background-color:#5e3a8a\">Anmelden<\/a><\/div>\n<\/div>\n\n\n\n<div style=\"height:20px\" aria-hidden=\"true\" class=\"wp-block-spacer\"><\/div>\n\n\n\n<figure class=\"wp-block-gallery has-nested-images columns-default is-cropped wp-block-gallery-1 is-layout-flex wp-block-gallery-is-layout-flex\">\n<figure class=\"wp-block-image size-large\"><a href=\"https:\/\/fotografie-hotz.ch\/fotografie\/wp-content\/uploads\/2022\/02\/Landwasser-Bildschirm-ab-Dez-20-2.jpg\"><img fetchpriority=\"high\" decoding=\"async\" width=\"1024\" height=\"768\" data-id=\"883\" src=\"https:\/\/fotografie-hotz.ch\/fotografie\/wp-content\/uploads\/2022\/02\/Landwasser-Bildschirm-ab-Dez-20-2-1024x768.jpg\" alt=\"\" class=\"wp-image-883\" srcset=\"https:\/\/fotografie-hotz.ch\/fotografie\/wp-content\/uploads\/2022\/02\/Landwasser-Bildschirm-ab-Dez-20-2-1024x768.jpg 1024w, https:\/\/fotografie-hotz.ch\/fotografie\/wp-content\/uploads\/2022\/02\/Landwasser-Bildschirm-ab-Dez-20-2-300x225.jpg 300w, https:\/\/fotografie-hotz.ch\/fotografie\/wp-content\/uploads\/2022\/02\/Landwasser-Bildschirm-ab-Dez-20-2-768x576.jpg 768w, https:\/\/fotografie-hotz.ch\/fotografie\/wp-content\/uploads\/2022\/02\/Landwasser-Bildschirm-ab-Dez-20-2-1536x1152.jpg 1536w, https:\/\/fotografie-hotz.ch\/fotografie\/wp-content\/uploads\/2022\/02\/Landwasser-Bildschirm-ab-Dez-20-2-1200x900.jpg 1200w, https:\/\/fotografie-hotz.ch\/fotografie\/wp-content\/uploads\/2022\/02\/Landwasser-Bildschirm-ab-Dez-20-2.jpg 1900w\" sizes=\"(max-width: 1024px) 100vw, 1024px\" \/><\/a><\/figure>\n\n\n\n<figure class=\"wp-block-image size-large\"><a href=\"https:\/\/fotografie-hotz.ch\/fotografie\/wp-content\/uploads\/2022\/02\/Station_Stugl-.jpg\"><img decoding=\"async\" width=\"1024\" height=\"683\" data-id=\"885\" src=\"https:\/\/fotografie-hotz.ch\/fotografie\/wp-content\/uploads\/2022\/02\/Station_Stugl--1024x683.jpg\" alt=\"\" class=\"wp-image-885\" srcset=\"https:\/\/fotografie-hotz.ch\/fotografie\/wp-content\/uploads\/2022\/02\/Station_Stugl--1024x683.jpg 1024w, https:\/\/fotografie-hotz.ch\/fotografie\/wp-content\/uploads\/2022\/02\/Station_Stugl--300x200.jpg 300w, https:\/\/fotografie-hotz.ch\/fotografie\/wp-content\/uploads\/2022\/02\/Station_Stugl--768x512.jpg 768w, https:\/\/fotografie-hotz.ch\/fotografie\/wp-content\/uploads\/2022\/02\/Station_Stugl--1536x1024.jpg 1536w, https:\/\/fotografie-hotz.ch\/fotografie\/wp-content\/uploads\/2022\/02\/Station_Stugl--1200x800.jpg 1200w, https:\/\/fotografie-hotz.ch\/fotografie\/wp-content\/uploads\/2022\/02\/Station_Stugl-.jpg 1900w\" sizes=\"(max-width: 1024px) 100vw, 1024px\" \/><\/a><\/figure>\n\n\n\n<figure class=\"wp-block-image size-large\"><a href=\"https:\/\/fotografie-hotz.ch\/fotografie\/wp-content\/uploads\/2022\/02\/RhB-Mistail-5858.jpg\"><img decoding=\"async\" width=\"1024\" height=\"683\" data-id=\"884\" src=\"https:\/\/fotografie-hotz.ch\/fotografie\/wp-content\/uploads\/2022\/02\/RhB-Mistail-5858-1024x683.jpg\" alt=\"\" class=\"wp-image-884\" srcset=\"https:\/\/fotografie-hotz.ch\/fotografie\/wp-content\/uploads\/2022\/02\/RhB-Mistail-5858-1024x683.jpg 1024w, https:\/\/fotografie-hotz.ch\/fotografie\/wp-content\/uploads\/2022\/02\/RhB-Mistail-5858-300x200.jpg 300w, https:\/\/fotografie-hotz.ch\/fotografie\/wp-content\/uploads\/2022\/02\/RhB-Mistail-5858-768x512.jpg 768w, https:\/\/fotografie-hotz.ch\/fotografie\/wp-content\/uploads\/2022\/02\/RhB-Mistail-5858-1536x1024.jpg 1536w, https:\/\/fotografie-hotz.ch\/fotografie\/wp-content\/uploads\/2022\/02\/RhB-Mistail-5858-1200x800.jpg 1200w, https:\/\/fotografie-hotz.ch\/fotografie\/wp-content\/uploads\/2022\/02\/RhB-Mistail-5858.jpg 1900w\" sizes=\"(max-width: 1024px) 100vw, 1024px\" \/><\/a><\/figure>\n<\/figure>\n\n\n\n<div style=\"height:14px\" aria-hidden=\"true\" class=\"wp-block-spacer\"><\/div>\n\n\n\n<ul class=\"wp-block-list\"><li>F\u00fcr Verpflegung und allenfalls Unterkunft ist der Teilnehmer selbst verantwortlich<\/li><li>Kamera mit Weitwinkel und Teleobjektiv (Festbrennweite oder Zoomobjektiv)<\/li><li>Stativ<\/li><li>Wenn m\u00f6glich Fernausl\u00f6ser f\u00fcr die Kamera<\/li><li>Reserve Akku und Ladeger\u00e4t<\/li><li>Gutes Schuhwerk wenn m\u00f6glich Wasserdicht<\/li><li>Kleidung f\u00fcr warmes und kaltes Wetter<\/li><li>Regenbekleidung<\/li><li>Sonnenschutz \/ Insekten- und Zeckenschutzmittel<\/li><li>Schirm (f\u00fcr die Kamera)<\/li><li>Gen\u00fcgend Fitness, um eine Stunde zu wandern (auch in unwegsamen Gel\u00e4nde)<\/li><li>Freude am Fotografieren in der Natur<\/li><li>Unfallversicherung und ev. Ger\u00e4teversicherung<\/li><li>Wenn vorhanden ein Laptop oder Tablet f\u00fcr Fotobearbeitung bei Mehrtagestouren<\/li><\/ul>\n\n\n\n<p><\/p>\n","protected":false},"excerpt":{"rendered":"<p>Was du mitbringen solltest F\u00fcr Verpflegung und allenfalls Unterkunft ist der Teilnehmer selbst verantwortlich Kamera mit Weitwinkel und Teleobjektiv (Festbrennweite oder Zoomobjektiv) Stativ Wenn m\u00f6glich Fernausl\u00f6ser f\u00fcr die Kamera Reserve Akku und Ladeger\u00e4t Gutes Schuhwerk wenn m\u00f6glich Wasserdicht Kleidung f\u00fcr warmes und kaltes Wetter Regenbekleidung Sonnenschutz \/ Insekten- und Zeckenschutzmittel Schirm (f\u00fcr die Kamera) Gen\u00fcgend &#8230; <a title=\"Du bringst\" class=\"read-more\" href=\"https:\/\/fotografie-hotz.ch\/fotografie\/fotoreisen\/du-bringst\/\" aria-label=\"Mehr Informationen \u00fcber Du bringst\">Weiterlesen<\/a><\/p>\n","protected":false},"author":1,"featured_media":0,"parent":328,"menu_order":0,"comment_status":"closed","ping_status":"closed","template":"","meta":{"ngg_post_thumbnail":0,"footnotes":""},"class_list":["post-900","page","type-page","status-publish"],"_links":{"self":[{"href":"https:\/\/fotografie-hotz.ch\/fotografie\/wp-json\/wp\/v2\/pages\/900","targetHints":{"allow":["GET"]}}],"collection":[{"href":"https:\/\/fotografie-hotz.ch\/fotografie\/wp-json\/wp\/v2\/pages"}],"about":[{"href":"https:\/\/fotografie-hotz.ch\/fotografie\/wp-json\/wp\/v2\/types\/page"}],"author":[{"embeddable":true,"href":"https:\/\/fotografie-hotz.ch\/fotografie\/wp-json\/wp\/v2\/users\/1"}],"replies":[{"embeddable":true,"href":"https:\/\/fotografie-hotz.ch\/fotografie\/wp-json\/wp\/v2\/comments?post=900"}],"version-history":[{"count":9,"href":"https:\/\/fotografie-hotz.ch\/fotografie\/wp-json\/wp\/v2\/pages\/900\/revisions"}],"predecessor-version":[{"id":1100,"href":"https:\/\/fotografie-hotz.ch\/fotografie\/wp-json\/wp\/v2\/pages\/900\/revisions\/1100"}],"up":[{"embeddable":true,"href":"https:\/\/fotografie-hotz.ch\/fotografie\/wp-json\/wp\/v2\/pages\/328"}],"wp:attachment":[{"href":"https:\/\/fotografie-hotz.ch\/fotografie\/wp-json\/wp\/v2\/media?parent=900"}],"curies":[{"name":"wp","href":"https:\/\/api.w.org\/{rel}","templated":true}]}}