{"id":792,"date":"2021-04-12T19:07:53","date_gmt":"2021-04-12T19:07:53","guid":{"rendered":"https:\/\/fotografie-hotz.ch\/fotografie\/?page_id=792"},"modified":"2022-05-26T14:59:09","modified_gmt":"2022-05-26T14:59:09","slug":"welterbe-rhb","status":"publish","type":"page","link":"https:\/\/fotografie-hotz.ch\/fotografie\/fotoreisen\/welterbe-rhb\/","title":{"rendered":"Welterbe RhB"},"content":{"rendered":"\n<h1 class=\"has-white-color has-text-color has-background wp-block-heading\" id=\"welterbe-rhatische-bahn\" style=\"background-color:#5e3a8a\">Welterbe Rh\u00e4tische Bahn<\/h1>\n\n\n\n<div class=\"wp-block-buttons is-layout-flex wp-block-buttons-is-layout-flex\">\n<div class=\"wp-block-button has-custom-font-size has-small-font-size\"><a class=\"wp-block-button__link has-white-color has-text-color has-background no-border-radius\" href=\"https:\/\/fotografie-hotz.ch\/fotografie\/fotoreisen\/welterbe-rhb\" style=\"background-color:#5e3a8a\">Allgemeines<\/a><\/div>\n\n\n\n<div class=\"wp-block-button has-custom-font-size has-small-font-size\"><a class=\"wp-block-button__link has-white-color has-text-color has-background no-border-radius\" href=\"https:\/\/fotografie-hotz.ch\/fotografie\/fotoreisen\/fotopunkte\" style=\"background-color:#5e3a8a\">Fotopunkte<\/a><\/div>\n\n\n\n<div class=\"wp-block-button has-custom-font-size has-small-font-size\"><a class=\"wp-block-button__link has-white-color has-text-color has-background no-border-radius\" href=\"https:\/\/fotografie-hotz.ch\/fotografie\/ich-biete\" style=\"background-color:#5e3a8a\">Ich biete<\/a><\/div>\n\n\n\n<div class=\"wp-block-button has-custom-font-size has-small-font-size\"><a class=\"wp-block-button__link has-white-color has-text-color has-background no-border-radius\" href=\"https:\/\/fotografie-hotz.ch\/fotografie\/du-bringst\" style=\"background-color:#5e3a8a\">Du bringst<\/a><\/div>\n\n\n\n<div class=\"wp-block-button has-custom-font-size has-small-font-size\"><a class=\"wp-block-button__link has-white-color has-text-color has-background no-border-radius\" href=\"https:\/\/fotografie-hotz.ch\/fotografie\/wissenswert\" style=\"background-color:#5e3a8a\">Wissenswert<\/a><\/div>\n\n\n\n<div class=\"wp-block-button has-custom-font-size has-small-font-size\"><a class=\"wp-block-button__link has-white-color has-text-color has-background no-border-radius\" href=\"https:\/\/fotografie-hotz.ch\/fotografie\/anmelden\" style=\"background-color:#5e3a8a\">Anmelden<\/a><\/div>\n<\/div>\n\n\n\n<div style=\"height:20px\" aria-hidden=\"true\" class=\"wp-block-spacer\"><\/div>\n\n\n\n<figure class=\"wp-block-gallery has-nested-images columns-default is-cropped wp-block-gallery-1 is-layout-flex wp-block-gallery-is-layout-flex\">\n<figure class=\"wp-block-image size-large\"><a href=\"https:\/\/fotografie-hotz.ch\/fotografie\/wp-content\/uploads\/2022\/02\/Landwasser-Bildschirm-ab-Dez-20-2.jpg\"><img fetchpriority=\"high\" decoding=\"async\" width=\"1024\" height=\"768\" data-id=\"883\" src=\"https:\/\/fotografie-hotz.ch\/fotografie\/wp-content\/uploads\/2022\/02\/Landwasser-Bildschirm-ab-Dez-20-2-1024x768.jpg\" alt=\"\" class=\"wp-image-883\" srcset=\"https:\/\/fotografie-hotz.ch\/fotografie\/wp-content\/uploads\/2022\/02\/Landwasser-Bildschirm-ab-Dez-20-2-1024x768.jpg 1024w, https:\/\/fotografie-hotz.ch\/fotografie\/wp-content\/uploads\/2022\/02\/Landwasser-Bildschirm-ab-Dez-20-2-300x225.jpg 300w, https:\/\/fotografie-hotz.ch\/fotografie\/wp-content\/uploads\/2022\/02\/Landwasser-Bildschirm-ab-Dez-20-2-768x576.jpg 768w, https:\/\/fotografie-hotz.ch\/fotografie\/wp-content\/uploads\/2022\/02\/Landwasser-Bildschirm-ab-Dez-20-2-1536x1152.jpg 1536w, https:\/\/fotografie-hotz.ch\/fotografie\/wp-content\/uploads\/2022\/02\/Landwasser-Bildschirm-ab-Dez-20-2-1200x900.jpg 1200w, https:\/\/fotografie-hotz.ch\/fotografie\/wp-content\/uploads\/2022\/02\/Landwasser-Bildschirm-ab-Dez-20-2.jpg 1900w\" sizes=\"(max-width: 1024px) 100vw, 1024px\" \/><\/a><\/figure>\n\n\n\n<figure class=\"wp-block-image size-large\"><a href=\"https:\/\/fotografie-hotz.ch\/fotografie\/wp-content\/uploads\/2022\/02\/Station_Stugl-.jpg\"><img decoding=\"async\" width=\"1024\" height=\"683\" data-id=\"885\" src=\"https:\/\/fotografie-hotz.ch\/fotografie\/wp-content\/uploads\/2022\/02\/Station_Stugl--1024x683.jpg\" alt=\"\" class=\"wp-image-885\" srcset=\"https:\/\/fotografie-hotz.ch\/fotografie\/wp-content\/uploads\/2022\/02\/Station_Stugl--1024x683.jpg 1024w, https:\/\/fotografie-hotz.ch\/fotografie\/wp-content\/uploads\/2022\/02\/Station_Stugl--300x200.jpg 300w, https:\/\/fotografie-hotz.ch\/fotografie\/wp-content\/uploads\/2022\/02\/Station_Stugl--768x512.jpg 768w, https:\/\/fotografie-hotz.ch\/fotografie\/wp-content\/uploads\/2022\/02\/Station_Stugl--1536x1024.jpg 1536w, https:\/\/fotografie-hotz.ch\/fotografie\/wp-content\/uploads\/2022\/02\/Station_Stugl--1200x800.jpg 1200w, https:\/\/fotografie-hotz.ch\/fotografie\/wp-content\/uploads\/2022\/02\/Station_Stugl-.jpg 1900w\" sizes=\"(max-width: 1024px) 100vw, 1024px\" \/><\/a><\/figure>\n\n\n\n<figure class=\"wp-block-image size-large\"><a href=\"https:\/\/fotografie-hotz.ch\/fotografie\/wp-content\/uploads\/2022\/02\/RhB-Mistail-5858.jpg\"><img decoding=\"async\" width=\"1024\" height=\"683\" data-id=\"884\" src=\"https:\/\/fotografie-hotz.ch\/fotografie\/wp-content\/uploads\/2022\/02\/RhB-Mistail-5858-1024x683.jpg\" alt=\"\" class=\"wp-image-884\" srcset=\"https:\/\/fotografie-hotz.ch\/fotografie\/wp-content\/uploads\/2022\/02\/RhB-Mistail-5858-1024x683.jpg 1024w, https:\/\/fotografie-hotz.ch\/fotografie\/wp-content\/uploads\/2022\/02\/RhB-Mistail-5858-300x200.jpg 300w, https:\/\/fotografie-hotz.ch\/fotografie\/wp-content\/uploads\/2022\/02\/RhB-Mistail-5858-768x512.jpg 768w, https:\/\/fotografie-hotz.ch\/fotografie\/wp-content\/uploads\/2022\/02\/RhB-Mistail-5858-1536x1024.jpg 1536w, https:\/\/fotografie-hotz.ch\/fotografie\/wp-content\/uploads\/2022\/02\/RhB-Mistail-5858-1200x800.jpg 1200w, https:\/\/fotografie-hotz.ch\/fotografie\/wp-content\/uploads\/2022\/02\/RhB-Mistail-5858.jpg 1900w\" sizes=\"(max-width: 1024px) 100vw, 1024px\" \/><\/a><\/figure>\n<\/figure>\n\n\n\n<h3 class=\"has-white-color has-text-color has-background wp-block-heading\" id=\"faszination-rhatische-bahn-thusis-preda-wiesen-monstein\" style=\"background-color:#5e3a8a\">Faszination Rh\u00e4tische Bahn <br><br>Thusis \u2013 Preda &amp; Wiesen \u2013 Monstein<\/h3>\n\n\n\n<figure class=\"wp-block-table\"><table class=\"has-fixed-layout\"><tbody><tr><td>Tourdaten:<\/td><td>Mehrtagestouren: <br>ab Herbst 2022 wieder verf\u00fcgbar<br>ab 4 Stunden bis 1 Tag: <br>nach Absprache<\/td><\/tr><tr><td>Tourdauer:<\/td><td>von 4 Stunden bis 4-Tages Fototouren<\/td><\/tr><tr><td>\u00d6rtlichkeit:<\/td><td>Albula- und Landwassertal, Graub\u00fcnden, Schweiz<\/td><\/tr><tr><td>Teilnehmer:<\/td><td>Die Teilnehmerzahl ist auf 4 begrenzt<\/td><\/tr><tr><td>Tourguide:<\/td><td>Mario Hotz<\/td><\/tr><tr><td>Kosten:<\/td><td>Mehrtagestouren: pauschal CHF 700 pro Tag<br>bis zu 1 Tag : pauschal CHF 90 pro Stunde<\/td><\/tr><\/tbody><\/table><\/figure>\n\n\n<p style=\"text-align: justify;\">Fotortouren zur Welterbestrecke der Rh\u00e4tischen Bahn von Thusis bis Preda und ins Landwassertal von Monstein bis Wiesen. Die sch\u00f6nsten Fotopunkte entlang der Strecke warten auf dich. Lass dich verf\u00fchren von dieser einzigartigen Landschaft, den Schluchten, T\u00e4lern, Wildb\u00e4chen, Bergen und D\u00f6rfern. Mittendrin die Rh\u00e4tische Bahn mit ihrer faszinierenden Streckenf\u00fchrung \u00fcber kleine und grosse Br\u00fccken, durch Kehrtunnels, entlang der wilden Berglandschaft hinauf nach Preda in den Albulatunnel.<\/p>\n\n\n<h2 class=\"has-white-color has-text-color has-background wp-block-heading\" id=\"faszination-rhatische-bahn\" style=\"background-color:#5e3a8a\">Faszination Rh\u00e4tische Bahn<\/h2>\n\n\n<p style=\"text-align: justify;\">Die Teilnehmer reisen individuell mit der Bahn oder dem eigenen Verkehrsmittel an.&nbsp; Zur verabredeten Zeit werde ich die Teilnehmer am Bahnhof Filisur in Empfang nehmen. Bei einem Begr\u00fcssungskaffee werden wir uns kennenlernen und k\u00f6nnen gleich die Fotopunkte besprechen. Ich werde mich immer bem\u00fchen soweit als m\u00f6glich auf die W\u00fcnsche der Teilnehmer einzugehen.<\/p>\n<p style=\"text-align: justify;\">Die Fotopunkte entlang der Albulabahn Thusis Preda werden wir mit dem Auto so nahe wie m\u00f6glich anfahren. Zum Landwassertal fahren wir ab Filisur mit der RhB nach Monstein und wandern dann gem\u00fctlich durch die Z\u00fcgenschlucht Wiesen entgegen. In Wiesen nehmen wir dann wieder den Zug zur\u00fcck nach Filisur.<\/p>\n<p style=\"text-align: justify;\">Bei Mehrtagestouren k\u00f6nnen wir uns Abends im Hotel um die Bildbearbeitung k\u00fcmmern, sitzen gem\u00fctlich zusammen oder fahren nochmals an die Strecke f\u00fcr eine Langzeitbelichtung, hier k\u00f6nnen wir entweder das Landwasserviadukt oder den Streckenabschnitt vom Touatunnel bis Naz ansteuern.<\/p>\n<p style=\"text-align: justify;\">Die verschiedenen Fotopunkte sind nicht alle einfach mit dem Auto anzufahren, meistens m\u00fcssen wir noch etwas wandern. Teilweise sind die besten Fotopunkte an schlecht zug\u00e4nglichen Stellen zu finden.<\/p>\n<p style=\"text-align: justify;\">Die Fototouren finden draussen in der Natur statt, deshalb ist gute und zweckdienliche Kleidung von Vorteil. Auch bei Regen fahren die Z\u00fcge der Rh\u00e4tischen Bahn und k\u00f6nnen von uns fotografiert werden. Also ist auch entsprechende Regenkleidung dabei zu haben, sicher die richtige Entscheidung.<\/p>\n<p style=\"text-align: justify;\">Sollte das Wetter dann doch einmal zu schlimm sein, dann k\u00f6nnen wir als Alternativprogramm das Bahnmuseum in Berg\u00fcn und das Bergbaumuseum in Monstein besichtigen. Auch die beiden D\u00f6rfer Filisur und Berg\u00fcn bieten interessante An- und Einsichten.<\/p>\n<p style=\"text-align: justify;\">Die Versicherung f\u00fcr Mensch und Ger\u00e4te ist Sache der Teilnehmer. Der Organisator \u00fcbernimmt keine Haftung.<\/p>\n\n\n<div class=\"wp-block-columns is-layout-flex wp-container-core-columns-is-layout-9d6595d7 wp-block-columns-is-layout-flex\">\n<div class=\"wp-block-column is-layout-flow wp-block-column-is-layout-flow\"><\/div>\n<\/div>\n\n\n\n<div class=\"wp-block-columns is-layout-flex wp-container-core-columns-is-layout-9d6595d7 wp-block-columns-is-layout-flex\">\n<div class=\"wp-block-column is-layout-flow wp-block-column-is-layout-flow\" style=\"flex-basis:100%\"><\/div>\n<\/div>\n\n\n\n<p><\/p>\n","protected":false},"excerpt":{"rendered":"<p>Welterbe Rh\u00e4tische Bahn Faszination Rh\u00e4tische Bahn Thusis \u2013 Preda &amp; Wiesen \u2013 Monstein Tourdaten: Mehrtagestouren: ab Herbst 2022 wieder verf\u00fcgbarab 4 Stunden bis 1 Tag: nach Absprache Tourdauer: von 4 Stunden bis 4-Tages Fototouren \u00d6rtlichkeit: Albula- und Landwassertal, Graub\u00fcnden, Schweiz Teilnehmer: Die Teilnehmerzahl ist auf 4 begrenzt Tourguide: Mario Hotz Kosten: Mehrtagestouren: pauschal CHF 700 &#8230; <a title=\"Welterbe RhB\" class=\"read-more\" href=\"https:\/\/fotografie-hotz.ch\/fotografie\/fotoreisen\/welterbe-rhb\/\" aria-label=\"Mehr Informationen \u00fcber Welterbe RhB\">Weiterlesen<\/a><\/p>\n","protected":false},"author":1,"featured_media":0,"parent":328,"menu_order":0,"comment_status":"closed","ping_status":"closed","template":"","meta":{"ngg_post_thumbnail":0,"footnotes":""},"class_list":["post-792","page","type-page","status-publish"],"_links":{"self":[{"href":"https:\/\/fotografie-hotz.ch\/fotografie\/wp-json\/wp\/v2\/pages\/792","targetHints":{"allow":["GET"]}}],"collection":[{"href":"https:\/\/fotografie-hotz.ch\/fotografie\/wp-json\/wp\/v2\/pages"}],"about":[{"href":"https:\/\/fotografie-hotz.ch\/fotografie\/wp-json\/wp\/v2\/types\/page"}],"author":[{"embeddable":true,"href":"https:\/\/fotografie-hotz.ch\/fotografie\/wp-json\/wp\/v2\/users\/1"}],"replies":[{"embeddable":true,"href":"https:\/\/fotografie-hotz.ch\/fotografie\/wp-json\/wp\/v2\/comments?post=792"}],"version-history":[{"count":29,"href":"https:\/\/fotografie-hotz.ch\/fotografie\/wp-json\/wp\/v2\/pages\/792\/revisions"}],"predecessor-version":[{"id":1092,"href":"https:\/\/fotografie-hotz.ch\/fotografie\/wp-json\/wp\/v2\/pages\/792\/revisions\/1092"}],"up":[{"embeddable":true,"href":"https:\/\/fotografie-hotz.ch\/fotografie\/wp-json\/wp\/v2\/pages\/328"}],"wp:attachment":[{"href":"https:\/\/fotografie-hotz.ch\/fotografie\/wp-json\/wp\/v2\/media?parent=792"}],"curies":[{"name":"wp","href":"https:\/\/api.w.org\/{rel}","templated":true}]}}