{"id":47,"date":"2018-05-01T19:17:28","date_gmt":"2018-05-01T19:17:28","guid":{"rendered":"http:\/\/fotografie-hotz.ch\/fotografie\/?page_id=47"},"modified":"2026-03-24T19:03:53","modified_gmt":"2026-03-24T19:03:53","slug":"startseite","status":"publish","type":"page","link":"https:\/\/fotografie-hotz.ch\/fotografie\/","title":{"rendered":"Fotografie Hotz"},"content":{"rendered":"\n<h2 class=\"wp-block-heading\">Bald auch Ihr kompetenter Partner?<\/h2>\n\n\n\n<h3 class=\"wp-block-heading\">Meine Angebote f\u00fcr Sie.<br>F\u00fcr Informationen klicken Sie auf ein Bild.<\/h3>\n\n\n\n<div class=\"wp-block-media-text alignwide is-stacked-on-mobile\"><figure class=\"wp-block-media-text__media\"><a href=\"https:\/\/fotografie-hotz.ch\/fotografie\/fotoreisen\/\"><img fetchpriority=\"high\" decoding=\"async\" width=\"1024\" height=\"768\" src=\"https:\/\/fotografie-hotz.ch\/fotografie\/wp-content\/uploads\/2020\/04\/Landwasser-0394-1024x768.jpg\" alt=\"\" class=\"wp-image-496 size-full\" srcset=\"https:\/\/fotografie-hotz.ch\/fotografie\/wp-content\/uploads\/2020\/04\/Landwasser-0394-1024x768.jpg 1024w, https:\/\/fotografie-hotz.ch\/fotografie\/wp-content\/uploads\/2020\/04\/Landwasser-0394-300x225.jpg 300w, https:\/\/fotografie-hotz.ch\/fotografie\/wp-content\/uploads\/2020\/04\/Landwasser-0394-768x576.jpg 768w, https:\/\/fotografie-hotz.ch\/fotografie\/wp-content\/uploads\/2020\/04\/Landwasser-0394-1536x1152.jpg 1536w, https:\/\/fotografie-hotz.ch\/fotografie\/wp-content\/uploads\/2020\/04\/Landwasser-0394-1200x900.jpg 1200w, https:\/\/fotografie-hotz.ch\/fotografie\/wp-content\/uploads\/2020\/04\/Landwasser-0394.jpg 1900w\" sizes=\"(max-width: 1024px) 100vw, 1024px\" \/><\/a><\/figure><div class=\"wp-block-media-text__content\">\n<p class=\"has-medium-font-size\">Begleitete Fotoreisen<br>&#8211; Rh\u00e4tische Bahn<br>&#8211; Hamburg<br>&#8211; Berlin<br>&#8211; Halle<\/p>\n<\/div><\/div>\n\n\n\n<div class=\"wp-block-media-text alignwide is-stacked-on-mobile\"><figure class=\"wp-block-media-text__media\"><a href=\"https:\/\/fotografie-hotz.ch\/fotografie\/shooting\/\"><img decoding=\"async\" width=\"1024\" height=\"768\" src=\"https:\/\/fotografie-hotz.ch\/fotografie\/wp-content\/uploads\/2020\/04\/Jacky_und_Raphael-0028-1024x768.jpg\" alt=\"\" class=\"wp-image-498 size-full\" srcset=\"https:\/\/fotografie-hotz.ch\/fotografie\/wp-content\/uploads\/2020\/04\/Jacky_und_Raphael-0028-1024x768.jpg 1024w, https:\/\/fotografie-hotz.ch\/fotografie\/wp-content\/uploads\/2020\/04\/Jacky_und_Raphael-0028-300x225.jpg 300w, https:\/\/fotografie-hotz.ch\/fotografie\/wp-content\/uploads\/2020\/04\/Jacky_und_Raphael-0028-768x576.jpg 768w, https:\/\/fotografie-hotz.ch\/fotografie\/wp-content\/uploads\/2020\/04\/Jacky_und_Raphael-0028-1536x1152.jpg 1536w, https:\/\/fotografie-hotz.ch\/fotografie\/wp-content\/uploads\/2020\/04\/Jacky_und_Raphael-0028-1200x900.jpg 1200w, https:\/\/fotografie-hotz.ch\/fotografie\/wp-content\/uploads\/2020\/04\/Jacky_und_Raphael-0028.jpg 1900w\" sizes=\"(max-width: 1024px) 100vw, 1024px\" \/><\/a><\/figure><div class=\"wp-block-media-text__content\">\n<p class=\"has-medium-font-size\">Shooting on Location \/<br>Studio 2.13 Schlieren<br>&#8211; Paare<br>&#8211; Familien<br>&#8211; Einzelpersonen<br>&#8211; Bewerbung und Business<br>&#8211; Hochzeiten<\/p>\n<\/div><\/div>\n\n\n\n<div class=\"wp-block-media-text alignwide is-stacked-on-mobile\"><figure class=\"wp-block-media-text__media\"><a href=\"https:\/\/graubuendenpics.ch\" target=\"_blank\" rel=\"noopener\"><img decoding=\"async\" width=\"1024\" height=\"788\" src=\"https:\/\/fotografie-hotz.ch\/fotografie\/wp-content\/uploads\/2020\/04\/DSF0028-1024x788.jpg\" alt=\"\" class=\"wp-image-497 size-full\" srcset=\"https:\/\/fotografie-hotz.ch\/fotografie\/wp-content\/uploads\/2020\/04\/DSF0028-1024x788.jpg 1024w, https:\/\/fotografie-hotz.ch\/fotografie\/wp-content\/uploads\/2020\/04\/DSF0028-300x231.jpg 300w, https:\/\/fotografie-hotz.ch\/fotografie\/wp-content\/uploads\/2020\/04\/DSF0028-768x591.jpg 768w, https:\/\/fotografie-hotz.ch\/fotografie\/wp-content\/uploads\/2020\/04\/DSF0028-1536x1182.jpg 1536w, https:\/\/fotografie-hotz.ch\/fotografie\/wp-content\/uploads\/2020\/04\/DSF0028-1200x923.jpg 1200w, https:\/\/fotografie-hotz.ch\/fotografie\/wp-content\/uploads\/2020\/04\/DSF0028.jpg 1900w\" sizes=\"(max-width: 1024px) 100vw, 1024px\" \/><\/a><\/figure><div class=\"wp-block-media-text__content\">\n<p class=\"has-medium-font-size\">Bilderservice Bahn und <br>Landschaft Graub\u00fcnden<br>&#8211; Kalender<br>&#8211; Individuelle Wandbilder<br>&#8211; Wunschbilder<br>&#8211; Panoramen<\/p>\n<\/div><\/div>\n\n\n\n<p><\/p>\n","protected":false},"excerpt":{"rendered":"<p>Bald auch Ihr kompetenter Partner? Meine Angebote f\u00fcr Sie.F\u00fcr Informationen klicken Sie auf ein Bild. Begleitete Fotoreisen&#8211; Rh\u00e4tische Bahn&#8211; Hamburg&#8211; Berlin&#8211; Halle Shooting on Location \/Studio 2.13 Schlieren&#8211; Paare&#8211; Familien&#8211; Einzelpersonen&#8211; Bewerbung und Business&#8211; Hochzeiten Bilderservice Bahn und Landschaft Graub\u00fcnden&#8211; Kalender&#8211; Individuelle Wandbilder&#8211; Wunschbilder&#8211; Panoramen<\/p>\n","protected":false},"author":1,"featured_media":0,"parent":0,"menu_order":0,"comment_status":"closed","ping_status":"closed","template":"","meta":{"ngg_post_thumbnail":0,"footnotes":""},"class_list":["post-47","page","type-page","status-publish"],"_links":{"self":[{"href":"https:\/\/fotografie-hotz.ch\/fotografie\/wp-json\/wp\/v2\/pages\/47","targetHints":{"allow":["GET"]}}],"collection":[{"href":"https:\/\/fotografie-hotz.ch\/fotografie\/wp-json\/wp\/v2\/pages"}],"about":[{"href":"https:\/\/fotografie-hotz.ch\/fotografie\/wp-json\/wp\/v2\/types\/page"}],"author":[{"embeddable":true,"href":"https:\/\/fotografie-hotz.ch\/fotografie\/wp-json\/wp\/v2\/users\/1"}],"replies":[{"embeddable":true,"href":"https:\/\/fotografie-hotz.ch\/fotografie\/wp-json\/wp\/v2\/comments?post=47"}],"version-history":[{"count":28,"href":"https:\/\/fotografie-hotz.ch\/fotografie\/wp-json\/wp\/v2\/pages\/47\/revisions"}],"predecessor-version":[{"id":1184,"href":"https:\/\/fotografie-hotz.ch\/fotografie\/wp-json\/wp\/v2\/pages\/47\/revisions\/1184"}],"wp:attachment":[{"href":"https:\/\/fotografie-hotz.ch\/fotografie\/wp-json\/wp\/v2\/media?parent=47"}],"curies":[{"name":"wp","href":"https:\/\/api.w.org\/{rel}","templated":true}]}}